{"id":1416,"date":"2025-10-24T15:02:48","date_gmt":"2025-10-24T20:02:48","guid":{"rendered":"https:\/\/joyimax.com\/?page_id=1416"},"modified":"2025-10-24T16:21:50","modified_gmt":"2025-10-24T21:21:50","slug":"politicas-de-envio","status":"publish","type":"page","link":"https:\/\/joyimax.com\/en\/politicas-de-envio\/","title":{"rendered":"Pol\u00edticas de Env\u00edo"},"content":{"rendered":"<h2 class=\"wp-block-heading\">Pol\u00edtica de Env\u00edo<\/h2>\n\n\n\n<p><strong>1. Procesamiento de Pedidos:<\/strong><\/p>\n\n\n\n<ul class=\"wp-block-list\">\n<li>Procesamos y preparamos todos los pedidos para su env\u00edo en un plazo de <strong>48 horas h\u00e1biles<\/strong> (lunes a viernes), contando a partir de la recepci\u00f3n de tu compra.<\/li>\n<\/ul>\n\n\n\n<p><strong>2. Costos de Env\u00edo:<\/strong><\/p>\n\n\n\n<ul class=\"wp-block-list\">\n<li>El costo del env\u00edo se calcula autom\u00e1ticamente en la p\u00e1gina de <strong>Checkout<\/strong> (pago).<\/li>\n\n\n\n<li>Este costo se determina en funci\u00f3n del peso\/volumen total de los art\u00edculos y de tu c\u00f3digo postal de destino.<\/li>\n<\/ul>\n\n\n\n<p><strong>3. Tiempos y Asignaci\u00f3n de Entrega:<\/strong><\/p>\n\n\n\n<ul class=\"wp-block-list\">\n<li>Los tiempos de entrega son <strong>variables<\/strong> y dependen directamente de la empresa de mensajer\u00eda asignada.<\/li>\n\n\n\n<li>La mensajer\u00eda (paqueter\u00eda) es seleccionada por nosotros bas\u00e1ndonos en el proveedor m\u00e1s eficiente y adecuado para tu pedido.<\/li>\n<\/ul>\n\n\n\n<p><\/p>","protected":false},"excerpt":{"rendered":"<p>Pol\u00edtica de Env\u00edo 1. Procesamiento de Pedidos: 2. Costos de Env\u00edo: 3. Tiempos y Asignaci\u00f3n de Entrega:<\/p>","protected":false},"author":1,"featured_media":0,"parent":0,"menu_order":0,"comment_status":"closed","ping_status":"closed","template":"","meta":{"footnotes":""},"class_list":["post-1416","page","type-page","status-publish","hentry","thunk-woo-product-list","opn-qv-enable","big-store-woo-hover-zoom","open-single-product-tab-horizontal","open-shadow-","open-shadow-hover-"],"_links":{"self":[{"href":"https:\/\/joyimax.com\/en\/wp-json\/wp\/v2\/pages\/1416","targetHints":{"allow":["GET"]}}],"collection":[{"href":"https:\/\/joyimax.com\/en\/wp-json\/wp\/v2\/pages"}],"about":[{"href":"https:\/\/joyimax.com\/en\/wp-json\/wp\/v2\/types\/page"}],"author":[{"embeddable":true,"href":"https:\/\/joyimax.com\/en\/wp-json\/wp\/v2\/users\/1"}],"replies":[{"embeddable":true,"href":"https:\/\/joyimax.com\/en\/wp-json\/wp\/v2\/comments?post=1416"}],"version-history":[{"count":2,"href":"https:\/\/joyimax.com\/en\/wp-json\/wp\/v2\/pages\/1416\/revisions"}],"predecessor-version":[{"id":1418,"href":"https:\/\/joyimax.com\/en\/wp-json\/wp\/v2\/pages\/1416\/revisions\/1418"}],"wp:attachment":[{"href":"https:\/\/joyimax.com\/en\/wp-json\/wp\/v2\/media?parent=1416"}],"curies":[{"name":"wp","href":"https:\/\/api.w.org\/{rel}","templated":true}]}}