{"id":1037,"date":"2024-08-23T16:09:21","date_gmt":"2024-08-23T21:09:21","guid":{"rendered":"https:\/\/joyimax.com\/?post_type=product&#038;p=1037"},"modified":"2025-10-24T13:35:31","modified_gmt":"2025-10-24T18:35:31","slug":"exhibidor-para-36-anillos-vinil-blanco","status":"publish","type":"product","link":"https:\/\/joyimax.com\/en\/product\/exhibidor-para-36-anillos-vinil-blanco\/","title":{"rendered":"Exhibidor para 36 Anillos Vinil Blanco"},"content":{"rendered":"<p>\u00a1Eleva la presentaci\u00f3n de tus joyas a un nivel superior con nuestro exhibidor de anillos de vinilo blanco para 36 piezas! Dise\u00f1ado para impresionar, este elegante exhibidor te permite mostrar tus anillos de la manera que se merecen. \u00a1Deja que tus joyas brillen y atraigan todas las miradas!<\/p>\n<p>Las medidas de este exhibidor son perfectas: 21 cm de largo, 31 cm de ancho y 7 cm de alto. Su dise\u00f1o espacioso te permite organizar hasta 36 anillos, manteni\u00e9ndolos ordenados y f\u00e1ciles de visualizar. Tu colecci\u00f3n de anillos cobrar\u00e1 vida dentro de este exhibidor, luciendo m\u00e1s atractiva que nunca.<\/p>\n<p>Somos expertos en art\u00edculos para joyer\u00eda, con m\u00e1s de 20 a\u00f1os de experiencia, y sabemos la importancia de la presentaci\u00f3n. Nuestro exhibidor de anillos de vinilo blanco es el resultado de nuestro compromiso con la calidad y la satisfacci\u00f3n del cliente. Le dar\u00e1 a tus joyas la imagen profesional y elegante que merecen.<\/p>\n<p>Queremos ser tu socio en el \u00e9xito, proporcion\u00e1ndote las herramientas para destacar en el mundo de la joyer\u00eda.<\/p>\n<p>Adem\u00e1s, ofrecemos una amplia gama de productos relacionados con la joyer\u00eda. Desde exhibidores hasta estuches, cremas y l\u00edquidos limpiadores, tenemos todo lo que necesitas para impulsar tu negocio de joyer\u00eda. Puedes explorar nuestro cat\u00e1logo completo.<\/p>\n<p>En caso de necesitar precio de mayoreo, no dudes en contactarnos. Tambi\u00e9n ofrecemos el servicio de facturaci\u00f3n, para que tengas todo en orden.<\/p>\n<p>Recuerda verificar y asegurarte de ingresar tus datos de env\u00edo correctamente.<\/p>\n<p>\u00a1Estamos a tu disposici\u00f3n para cualquier pregunta o consulta! No esperes m\u00e1s, dale a tus joyas el lugar que se merecen y adquiere este fabuloso exhibidor de anillos de vinilo blanco. \u00a1La imagen perfecta para tus joyas est\u00e1 a solo un clic de distancia!<\/p>\n<p>Garant\u00eda del vendedor: 3 meses<\/p>","protected":false},"excerpt":{"rendered":"<p>\u00a1Eleva la presentaci\u00f3n de tus joyas a un nivel superior con nuestro exhibidor de anillos de vinilo blanco para 36 piezas! Dise\u00f1ado para impresionar, este elegante exhibidor te permite mostrar tus anillos de la manera que se merecen. \u00a1Deja que tus joyas brillen y atraigan todas las miradas! Las medidas de este exhibidor son perfectas: &hellip;<\/p>\n<p class=\"read-more\"> <a class=\"thunk-readmore button\" href=\"https:\/\/joyimax.com\/en\/product\/exhibidor-para-36-anillos-vinil-blanco\/\"> <span class=\"screen-reader-text\">Exhibidor para 36 Anillos Vinil Blanco<\/span>Read More<\/a><\/p>","protected":false},"featured_media":1044,"comment_status":"open","ping_status":"closed","template":"","meta":[],"product_brand":[],"product_cat":[30],"product_tag":[62,110,61],"class_list":{"0":"post-1037","1":"product","2":"type-product","3":"status-publish","4":"has-post-thumbnail","6":"product_cat-exhibidores","7":"product_tag-blanco","8":"product_tag-etiquetas","9":"product_tag-vinil","10":"thunk-woo-product-list","11":"opn-qv-enable","12":"big-store-woo-hover-zoom","13":"open-single-product-tab-horizontal","14":"open-shadow-","15":"open-shadow-hover-","17":"first","18":"instock","19":"shipping-taxable","20":"purchasable","21":"product-type-simple"},"_links":{"self":[{"href":"https:\/\/joyimax.com\/en\/wp-json\/wp\/v2\/product\/1037","targetHints":{"allow":["GET"]}}],"collection":[{"href":"https:\/\/joyimax.com\/en\/wp-json\/wp\/v2\/product"}],"about":[{"href":"https:\/\/joyimax.com\/en\/wp-json\/wp\/v2\/types\/product"}],"replies":[{"embeddable":true,"href":"https:\/\/joyimax.com\/en\/wp-json\/wp\/v2\/comments?post=1037"}],"wp:featuredmedia":[{"embeddable":true,"href":"https:\/\/joyimax.com\/en\/wp-json\/wp\/v2\/media\/1044"}],"wp:attachment":[{"href":"https:\/\/joyimax.com\/en\/wp-json\/wp\/v2\/media?parent=1037"}],"wp:term":[{"taxonomy":"product_brand","embeddable":true,"href":"https:\/\/joyimax.com\/en\/wp-json\/wp\/v2\/product_brand?post=1037"},{"taxonomy":"product_cat","embeddable":true,"href":"https:\/\/joyimax.com\/en\/wp-json\/wp\/v2\/product_cat?post=1037"},{"taxonomy":"product_tag","embeddable":true,"href":"https:\/\/joyimax.com\/en\/wp-json\/wp\/v2\/product_tag?post=1037"}],"curies":[{"name":"wp","href":"https:\/\/api.w.org\/{rel}","templated":true}]}}