{"id":114,"date":"2020-07-23T07:15:19","date_gmt":"2020-07-23T12:15:19","guid":{"rendered":"https:\/\/wpthemes.themehunk.com\/topstore\/product\/import-placeholder-for-34\/"},"modified":"2026-04-08T16:52:00","modified_gmt":"2026-04-08T21:52:00","slug":"limpiasteg240ml","status":"publish","type":"product","link":"https:\/\/joyimax.com\/en\/product\/limpiasteg240ml\/","title":{"rendered":"Liquido para Limpiar Plata. Inst\u00e1ntaneo Limpiador de Joyer\u00eda de Plata 925. Limpiasteg Plata 240 Ml"},"content":{"rendered":"<p>Soluci\u00f3n L\u00edquido Limpiador Limpiasteg 240ml Para Plata y Oro<br \/>\n\u00a1Mant\u00e9n tus joyas de plata y oro luciendo como nuevas con la soluci\u00f3n l\u00edquida Limpiasteg! Este producto especializado es ideal para piezas antiguas o que han quedado negras debido a la acumulaci\u00f3n de suciedad y polvo.<\/p>\n<p>Limpiasteg es f\u00e1cil de usar. Simplemente sumerge la pieza de plata u oro en el l\u00edquido durante 20 segundos a 1 minuto, fr\u00f3tala con una franela y enju\u00e1gala con agua purificada para evitar que se ponga negra con el tiempo.<\/p>\n<p>Este limpiador es altamente efectivo y arranca la suciedad m\u00e1s dif\u00edcil, dejando tus joyas relucientes en cuesti\u00f3n de minutos. Adem\u00e1s, puedes usarlo con seguridad en joyas con piedras preciosas y circonias, ya que no da\u00f1a su brillo.<\/p>\n<p>Es importante tener en cuenta que Limpiasteg es exclusivo para plata y oro. No debe ser utilizado en piezas de alpaca, acero inoxidable o en joyas de Pandora o Swarovski que tengan recubrimientos de plata u oro con aleaciones de rodio.<\/p>","protected":false},"excerpt":{"rendered":"<p>EL MEJOR L\u00cdQUIDO PARA LIMPIAR PLATA Y ORO<\/p>\n<p>Ideal para piezas antiguas o que haya quedado negra. Arranca la suciedad mas dif\u00cdcil.<\/p>\n<p>PRODUCTO ESPECIALIZADO \u00daNICAMENTE PARA PLATA Y ORO. NO APLICAR EN PIEZAS DE ALPACA, ACERO INOXIDABLE U OTROS.<\/p>\n<p>Como usarlo?<br \/>\n1.- Abra el L\u00edquido y sumerja completamente una pieza de plata u oro por s\u00f3lo 10 segundos.<br \/>\n2.- Enjuagar exclusivamente con agua purificada. (nunca agua de la llave ya que tiene cloro y lo puede manchar).<br \/>\n3.- Secar muy bien, de ser posible con una secadora de cabello. Frotar con una toalla o franela de algod\u00f3n hasta lograr el brillo deseado. As\u00ed de f\u00e1cil!<\/p>","protected":false},"featured_media":1241,"comment_status":"open","ping_status":"closed","template":"","meta":[],"product_brand":[],"product_cat":[21],"product_tag":[102],"class_list":{"0":"post-114","1":"product","2":"type-product","3":"status-publish","4":"has-post-thumbnail","6":"product_cat-limpiadores","7":"product_tag-limpiasteg","8":"thunk-woo-product-list","9":"opn-qv-enable","10":"big-store-woo-hover-zoom","11":"open-single-product-tab-horizontal","12":"open-shadow-","13":"open-shadow-hover-","15":"first","16":"instock","17":"sale","18":"shipping-taxable","19":"purchasable","20":"product-type-simple"},"_links":{"self":[{"href":"https:\/\/joyimax.com\/en\/wp-json\/wp\/v2\/product\/114","targetHints":{"allow":["GET"]}}],"collection":[{"href":"https:\/\/joyimax.com\/en\/wp-json\/wp\/v2\/product"}],"about":[{"href":"https:\/\/joyimax.com\/en\/wp-json\/wp\/v2\/types\/product"}],"replies":[{"embeddable":true,"href":"https:\/\/joyimax.com\/en\/wp-json\/wp\/v2\/comments?post=114"}],"wp:featuredmedia":[{"embeddable":true,"href":"https:\/\/joyimax.com\/en\/wp-json\/wp\/v2\/media\/1241"}],"wp:attachment":[{"href":"https:\/\/joyimax.com\/en\/wp-json\/wp\/v2\/media?parent=114"}],"wp:term":[{"taxonomy":"product_brand","embeddable":true,"href":"https:\/\/joyimax.com\/en\/wp-json\/wp\/v2\/product_brand?post=114"},{"taxonomy":"product_cat","embeddable":true,"href":"https:\/\/joyimax.com\/en\/wp-json\/wp\/v2\/product_cat?post=114"},{"taxonomy":"product_tag","embeddable":true,"href":"https:\/\/joyimax.com\/en\/wp-json\/wp\/v2\/product_tag?post=114"}],"curies":[{"name":"wp","href":"https:\/\/api.w.org\/{rel}","templated":true}]}}