{"id":128,"date":"2020-07-23T07:15:20","date_gmt":"2020-07-23T12:15:20","guid":{"rendered":"https:\/\/wpthemes.themehunk.com\/topstore\/product\/import-placeholder-for-67\/"},"modified":"2026-04-08T16:52:34","modified_gmt":"2026-04-08T21:52:34","slug":"aliquam-erat-volutpat","status":"publish","type":"product","link":"https:\/\/joyimax.com\/en\/product\/aliquam-erat-volutpat\/","title":{"rendered":"Cuello Platero Vinil Blanco Ref: 19.01"},"content":{"rendered":"<p>Elegante y pr\u00e1ctico exhibidor Cuello vinil piel para todo tipo de joyer\u00eda!<\/p>\n<p>El exhibidor de cuello de madera forrado de vinil piel es un elegante soporte para exhibir collares y cadenas de manera atractiva y organizada. Este exhibidor cuenta con un dise\u00f1o moderno y sofisticado, que lo hace perfecto para mostrar joyer\u00eda de alta calidad y resaltar su belleza.<\/p>\n<p>Este exhibidor est\u00e1 fabricado con una base de madera resistente y forrado con vinil piel de alta calidad, que le otorga un aspecto elegante y sofisticado. La altura de 25 cm permite que los collares y cadenas se exhiban de manera clara y visible, y las medidas de 8.5 cm x 8.5 cm lo hacen compacto y f\u00e1cil de colocar en cualquier lugar.<\/p>\n<p>El cuello del exhibidor est\u00e1 dise\u00f1ado para sostener los collares y cadenas de manera segura y evitar que se enreden o se da\u00f1en durante la exhibici\u00f3n. Adem\u00e1s, el acabado en vinil piel es f\u00e1cil de limpiar y mantener en perfectas condiciones.<\/p>\n<p>Este exhibidor de cuello es ideal para joyer\u00edas, tiendas de accesorios, o para uso personal en casa. Permite exhibir la joyer\u00eda de manera elegante y organizada, y es una excelente herramienta para destacar la belleza de cada pieza de joyer\u00eda.<\/p>","protected":false},"excerpt":{"rendered":"<p>El exhibidor de cuello de madera forrado de vinil piel para collares y cadenas es un elegante soporte para exhibir joyer\u00eda de manera atractiva y organizada. Sus medidas de 8.5 cm x 8.5 cm x 25 cm lo hacen compacto y f\u00e1cil de colocar en cualquier lugar, mientras que su dise\u00f1o sofisticado lo hace ideal para joyer\u00edas, tiendas de accesorios, o para uso personal en casa.<\/p>","protected":false},"featured_media":1421,"comment_status":"open","ping_status":"closed","template":"","meta":[],"product_brand":[],"product_cat":[30],"product_tag":[62,96,97,61],"class_list":{"0":"post-128","1":"product","2":"type-product","3":"status-publish","4":"has-post-thumbnail","6":"product_cat-exhibidores","7":"product_tag-blanco","8":"product_tag-cuello","9":"product_tag-platero","10":"product_tag-vinil","11":"thunk-woo-product-list","12":"opn-qv-enable","13":"big-store-woo-hover-zoom","14":"open-single-product-tab-horizontal","15":"open-shadow-","16":"open-shadow-hover-","18":"first","19":"instock","20":"sale","21":"featured","22":"shipping-taxable","23":"purchasable","24":"product-type-simple"},"_links":{"self":[{"href":"https:\/\/joyimax.com\/en\/wp-json\/wp\/v2\/product\/128","targetHints":{"allow":["GET"]}}],"collection":[{"href":"https:\/\/joyimax.com\/en\/wp-json\/wp\/v2\/product"}],"about":[{"href":"https:\/\/joyimax.com\/en\/wp-json\/wp\/v2\/types\/product"}],"replies":[{"embeddable":true,"href":"https:\/\/joyimax.com\/en\/wp-json\/wp\/v2\/comments?post=128"}],"wp:featuredmedia":[{"embeddable":true,"href":"https:\/\/joyimax.com\/en\/wp-json\/wp\/v2\/media\/1421"}],"wp:attachment":[{"href":"https:\/\/joyimax.com\/en\/wp-json\/wp\/v2\/media?parent=128"}],"wp:term":[{"taxonomy":"product_brand","embeddable":true,"href":"https:\/\/joyimax.com\/en\/wp-json\/wp\/v2\/product_brand?post=128"},{"taxonomy":"product_cat","embeddable":true,"href":"https:\/\/joyimax.com\/en\/wp-json\/wp\/v2\/product_cat?post=128"},{"taxonomy":"product_tag","embeddable":true,"href":"https:\/\/joyimax.com\/en\/wp-json\/wp\/v2\/product_tag?post=128"}],"curies":[{"name":"wp","href":"https:\/\/api.w.org\/{rel}","templated":true}]}}