{"id":668,"date":"2022-01-03T19:31:02","date_gmt":"2022-01-04T00:31:02","guid":{"rendered":"https:\/\/joyimax.com\/?post_type=product&#038;p=668"},"modified":"2026-04-08T16:52:34","modified_gmt":"2026-04-08T21:52:34","slug":"crema-pulidora-pocket-flannel-250-ml-tipo-tarni-shield-plata","status":"publish","type":"product","link":"https:\/\/joyimax.com\/en\/product\/crema-pulidora-pocket-flannel-250-ml-tipo-tarni-shield-plata\/","title":{"rendered":"Crema Pulidora Pocket Flannel 250 Ml Tipo Tarni Shield Plata Ref: 4.63.63"},"content":{"rendered":"<p>Crema Pulidora POCKET FLANNEL 250ML PARA PLATA, ORO Y ALPACA TIPO TARNI SHIELD<\/p>\n<p>\u00a1Luce tus joyas como nuevas con la crema pulidora Pocket Flannel! Nuestra f\u00f3rmula mejorada y con un agradable olor est\u00e1 dise\u00f1ada para limpiar, pulir y proteger la plata, el oro y la alpaca tipo Tarni Shield de manera efectiva. Elimina la oxidaci\u00f3n, la suciedad, las manchas y los rasgu\u00f1os, dejando tus joyas brillantes y relucientes.<\/p>\n<p>La aplicaci\u00f3n es sencilla: puedes untar la pasta directamente en la pieza que deseas limpiar o agregar una porci\u00f3n en una franela y esperar unos 20 minutos a que se seque. Despu\u00e9s, talla la pieza y notar\u00e1s c\u00f3mo queda brillante.<\/p>\n<p>La crema pulidora Pocket Flannel es especializada para plata, oro y alpaca, y es utilizada por plateros y joyeros de toda la Rep\u00fablica Mexicana.<\/p>","protected":false},"excerpt":{"rendered":"<p>Marca: Pocket Flannel<br \/>\nModelo: 250 ml<\/p>","protected":false},"featured_media":1165,"comment_status":"open","ping_status":"closed","template":"","meta":[],"product_brand":[],"product_cat":[21],"product_tag":[],"class_list":{"0":"post-668","1":"product","2":"type-product","3":"status-publish","4":"has-post-thumbnail","6":"product_cat-limpiadores","7":"thunk-woo-product-list","8":"opn-qv-enable","9":"big-store-woo-hover-zoom","10":"open-single-product-tab-horizontal","11":"open-shadow-","12":"open-shadow-hover-","14":"first","15":"instock","16":"sale","17":"shipping-taxable","18":"purchasable","19":"product-type-simple"},"_links":{"self":[{"href":"https:\/\/joyimax.com\/en\/wp-json\/wp\/v2\/product\/668","targetHints":{"allow":["GET"]}}],"collection":[{"href":"https:\/\/joyimax.com\/en\/wp-json\/wp\/v2\/product"}],"about":[{"href":"https:\/\/joyimax.com\/en\/wp-json\/wp\/v2\/types\/product"}],"replies":[{"embeddable":true,"href":"https:\/\/joyimax.com\/en\/wp-json\/wp\/v2\/comments?post=668"}],"wp:featuredmedia":[{"embeddable":true,"href":"https:\/\/joyimax.com\/en\/wp-json\/wp\/v2\/media\/1165"}],"wp:attachment":[{"href":"https:\/\/joyimax.com\/en\/wp-json\/wp\/v2\/media?parent=668"}],"wp:term":[{"taxonomy":"product_brand","embeddable":true,"href":"https:\/\/joyimax.com\/en\/wp-json\/wp\/v2\/product_brand?post=668"},{"taxonomy":"product_cat","embeddable":true,"href":"https:\/\/joyimax.com\/en\/wp-json\/wp\/v2\/product_cat?post=668"},{"taxonomy":"product_tag","embeddable":true,"href":"https:\/\/joyimax.com\/en\/wp-json\/wp\/v2\/product_tag?post=668"}],"curies":[{"name":"wp","href":"https:\/\/api.w.org\/{rel}","templated":true}]}}