{"id":671,"date":"2022-01-03T19:37:31","date_gmt":"2022-01-04T00:37:31","guid":{"rendered":"https:\/\/joyimax.com\/?post_type=product&#038;p=671"},"modified":"2026-04-08T16:51:33","modified_gmt":"2026-04-08T21:51:33","slug":"limpiador-liquido-limpiasteg-para-oro-240-ml","status":"publish","type":"product","link":"https:\/\/joyimax.com\/en\/product\/limpiador-liquido-limpiasteg-para-oro-240-ml\/","title":{"rendered":"Limpiador Liquido Limpiasteg Para Oro 240 Ml"},"content":{"rendered":"<p>SOLUCI\u00d3N LIQUIDO PARA LIMPIAR JOYER\u00cdA DE ORO 240 ML<\/p>\n<p>\u00a1Conoce el L\u00edquido Limpiador Limpiasteg de 240ml para Oro, el mejor producto especializado para limpiar tus joyas de oro y plata!<\/p>\n<p>Este l\u00edquido es la soluci\u00f3n perfecta para eliminar la suciedad m\u00e1s dif\u00edcil y devolverle a tus piezas de oro y plata su brillo original. Olv\u00eddate de los productos de limpieza gen\u00e9ricos que no son efectivos y da\u00f1an tus joyas, el L\u00edquido Limpiador Limpiasteg es la opci\u00f3n ideal para mantener tus piezas como nuevas.<\/p>\n<p>Es importante destacar que este producto est\u00e1 especializado \u00fanicamente para la limpieza de joyas de oro y plata. No aplique este producto en piezas de alpaca, acero inoxidable u otros materiales.<\/p>\n<p>Para usarlo, simplemente abra el l\u00edquido y sumerja completamente su pieza de oro o plata por al menos 20 segundos a 1 minuto. Una vez pasado el tiempo, saque la pieza del l\u00edquido y frote suavemente con una franela. Para garantizar una mayor duraci\u00f3n, recomendamos enjuagar la pieza de oro o plata con agua purificada (no use agua potable, ya que puede contener sustancias que da\u00f1en el metal, como cloro y sal).<\/p>\n<p>No pierdas la oportunidad de mantener tus joyas de oro y plata como nuevas con el L\u00edquido Limpiador Limpiasteg de 240ml. \u00a1Aprovecha ahora y compra este excelente producto!<\/p>","protected":false},"excerpt":{"rendered":"<p>\u00a1Conoce el L\u00edquido Limpiador Limpiasteg de 240ml para Oro, el mejor producto especializado para limpiar tus joyas de oro y plata!<\/p>\n<p>Este l\u00edquido es la soluci\u00f3n perfecta para eliminar la suciedad m\u00e1s dif\u00edcil y devolverle a tus piezas de oro y plata su brillo original. Olv\u00eddate de los productos de limpieza gen\u00e9ricos que no son efectivos y da\u00f1an tus joyas, el L\u00edquido Limpiador Limpiasteg es la opci\u00f3n ideal para mantener tus piezas como nuevas.<\/p>\n<p>Es importante destacar que este producto est\u00e1 especializado \u00fanicamente para la limpieza de joyas de oro y plata. No aplique este producto en piezas de alpaca, acero inoxidable u otros materiales.<\/p>","protected":false},"featured_media":1321,"comment_status":"open","ping_status":"closed","template":"","meta":[],"product_brand":[],"product_cat":[21],"product_tag":[],"class_list":{"0":"post-671","1":"product","2":"type-product","3":"status-publish","4":"has-post-thumbnail","6":"product_cat-limpiadores","7":"thunk-woo-product-list","8":"opn-qv-enable","9":"big-store-woo-hover-zoom","10":"open-single-product-tab-horizontal","11":"open-shadow-","12":"open-shadow-hover-","14":"first","15":"instock","16":"sale","17":"shipping-taxable","18":"purchasable","19":"product-type-simple"},"_links":{"self":[{"href":"https:\/\/joyimax.com\/en\/wp-json\/wp\/v2\/product\/671","targetHints":{"allow":["GET"]}}],"collection":[{"href":"https:\/\/joyimax.com\/en\/wp-json\/wp\/v2\/product"}],"about":[{"href":"https:\/\/joyimax.com\/en\/wp-json\/wp\/v2\/types\/product"}],"replies":[{"embeddable":true,"href":"https:\/\/joyimax.com\/en\/wp-json\/wp\/v2\/comments?post=671"}],"wp:featuredmedia":[{"embeddable":true,"href":"https:\/\/joyimax.com\/en\/wp-json\/wp\/v2\/media\/1321"}],"wp:attachment":[{"href":"https:\/\/joyimax.com\/en\/wp-json\/wp\/v2\/media?parent=671"}],"wp:term":[{"taxonomy":"product_brand","embeddable":true,"href":"https:\/\/joyimax.com\/en\/wp-json\/wp\/v2\/product_brand?post=671"},{"taxonomy":"product_cat","embeddable":true,"href":"https:\/\/joyimax.com\/en\/wp-json\/wp\/v2\/product_cat?post=671"},{"taxonomy":"product_tag","embeddable":true,"href":"https:\/\/joyimax.com\/en\/wp-json\/wp\/v2\/product_tag?post=671"}],"curies":[{"name":"wp","href":"https:\/\/api.w.org\/{rel}","templated":true}]}}