{"id":674,"date":"2022-01-03T20:21:17","date_gmt":"2022-01-04T01:21:17","guid":{"rendered":"https:\/\/joyimax.com\/?post_type=product&#038;p=674"},"modified":"2026-04-08T16:52:34","modified_gmt":"2026-04-08T21:52:34","slug":"crema-pulidora-para-plata-pocket-flannel-60-ml","status":"publish","type":"product","link":"https:\/\/joyimax.com\/en\/product\/crema-pulidora-para-plata-pocket-flannel-60-ml\/","title":{"rendered":"Crema Pulidora Para Plata Pocket Flannel 60 Ml Ref: 23.001"},"content":{"rendered":"<p>\u00a1Descubre la mejor manera de mantener tus joyas de plata y oro siempre brillantes y relucientes! La Crema Pulidora De Plata POCKET FLANNEL 60 ml. Chico Tipo Tarni Shield es la soluci\u00f3n perfecta para limpiar, pulir y proteger tus joyas de manera efectiva. Esta crema ha sido especialmente formulada para eliminar la oxidaci\u00f3n, la suciedad, las manchas y los rasgu\u00f1os de la plata y el oro, dej\u00e1ndolos limpios y brillantes.<\/p>\n<p>Con su f\u00f3rmula mejorada y agradable olor, esta crema pulidora es no t\u00f3xica y se puede utilizar en tus joyas de plata, oro y alpaca. Su presentaci\u00f3n de bolsillo es pr\u00e1ctica y f\u00e1cil de usar, perfecta para una limpieza r\u00e1pida en todo momento.<\/p>\n<p>Para aplicar la crema, simplemente agrega una porci\u00f3n en una franela y espera a que se seque aproximadamente 20 minutos antes de tallar las piezas. Notar\u00e1s c\u00f3mo quedan limpias y brillantes en un instante.<\/p>\n<p>Nuestra crema pulidora es utilizada por todos los plateros y joyeros de la Rep\u00fablica Mexicana, \u00a1lo que garantiza su calidad y eficacia!<\/p>","protected":false},"excerpt":{"rendered":"<p>Marca: Pocket Flannel<br \/>\nModelo: 60 ML<\/p>","protected":false},"featured_media":1400,"comment_status":"open","ping_status":"closed","template":"","meta":[],"product_brand":[],"product_cat":[21],"product_tag":[],"class_list":{"0":"post-674","1":"product","2":"type-product","3":"status-publish","4":"has-post-thumbnail","6":"product_cat-limpiadores","7":"thunk-woo-product-list","8":"opn-qv-enable","9":"big-store-woo-hover-zoom","10":"open-single-product-tab-horizontal","11":"open-shadow-","12":"open-shadow-hover-","14":"first","15":"instock","16":"sale","17":"shipping-taxable","18":"purchasable","19":"product-type-simple"},"_links":{"self":[{"href":"https:\/\/joyimax.com\/en\/wp-json\/wp\/v2\/product\/674","targetHints":{"allow":["GET"]}}],"collection":[{"href":"https:\/\/joyimax.com\/en\/wp-json\/wp\/v2\/product"}],"about":[{"href":"https:\/\/joyimax.com\/en\/wp-json\/wp\/v2\/types\/product"}],"replies":[{"embeddable":true,"href":"https:\/\/joyimax.com\/en\/wp-json\/wp\/v2\/comments?post=674"}],"wp:featuredmedia":[{"embeddable":true,"href":"https:\/\/joyimax.com\/en\/wp-json\/wp\/v2\/media\/1400"}],"wp:attachment":[{"href":"https:\/\/joyimax.com\/en\/wp-json\/wp\/v2\/media?parent=674"}],"wp:term":[{"taxonomy":"product_brand","embeddable":true,"href":"https:\/\/joyimax.com\/en\/wp-json\/wp\/v2\/product_brand?post=674"},{"taxonomy":"product_cat","embeddable":true,"href":"https:\/\/joyimax.com\/en\/wp-json\/wp\/v2\/product_cat?post=674"},{"taxonomy":"product_tag","embeddable":true,"href":"https:\/\/joyimax.com\/en\/wp-json\/wp\/v2\/product_tag?post=674"}],"curies":[{"name":"wp","href":"https:\/\/api.w.org\/{rel}","templated":true}]}}