{"id":831,"date":"2022-03-04T15:51:57","date_gmt":"2022-03-04T20:51:57","guid":{"rendered":"https:\/\/joyimax.com\/?post_type=product&#038;p=831"},"modified":"2026-04-08T16:52:00","modified_gmt":"2026-04-08T21:52:00","slug":"pasta-blanca-para-abrillantar-oro-plata-1kg","status":"publish","type":"product","link":"https:\/\/joyimax.com\/en\/product\/pasta-blanca-para-abrillantar-oro-plata-1kg\/","title":{"rendered":"Pasta Para Pulir Plata, Oro, Resina, Metal Barra Blanca 1 Kg"},"content":{"rendered":"<p>Pasta Blanco para Pulir Metales Tama\u00f1o Lingote JACKSONLEA<\/p>\n<p>La pasta tipo lingote para pulir metales es un producto dise\u00f1ado para el pulido y abrillantado de metales como la plata, el oro y otros materiales. Esta pasta se presenta en una forma de lingote compacto y es de color blanco.<\/p>\n<p>Para utilizar esta pasta de pulido, se requiere de un motor para joyeros, ya que este equipo proporciona la potencia necesaria para el proceso de pulido. Se aplica la pasta sobre la superficie del metal y se pone en marcha el motor, haciendo girar el objeto a pulir para conseguir el acabado deseado. La pasta de pulido es el material que proporciona el brillo y la eliminaci\u00f3n de imperfecciones en la superficie del metal.<\/p>\n<p>La pasta tipo lingote para pulir metales se caracteriza por su alta calidad y eficacia en la eliminaci\u00f3n de rayones, manchas y otras imperfecciones en el metal, dejando una superficie lisa y brillante. Adem\u00e1s, su formato compacto permite un f\u00e1cil almacenamiento y transporte.<\/p>\n<p>Es importante mencionar que la pasta de pulido es un producto qu\u00edmico, por lo que se recomienda utilizar guantes y protecci\u00f3n para los ojos al manipularlo. Tambi\u00e9n es importante seguir las instrucciones de uso del fabricante y utilizar el equipo de protecci\u00f3n adecuado.<\/p>","protected":false},"excerpt":{"rendered":"<p>La pasta tipo lingote para pulir metales es un producto dise\u00f1ado para el pulido y abrillantado de metales como la plata, el oro y otros materiales. Esta pasta se presenta en una forma de lingote compacto y es de color blanco.<\/p>\n<p>Para utilizar esta pasta de pulido, se requiere de un motor para joyeros, ya que este equipo proporciona la potencia necesaria para el proceso de pulido. Se aplica la pasta sobre la superficie del metal y se pone en marcha el motor, haciendo girar el objeto a pulir para conseguir el acabado deseado. La pasta de pulido es el material que proporciona el brillo y la eliminaci\u00f3n de imperfecciones en la superficie del metal.<\/p>","protected":false},"featured_media":1281,"comment_status":"open","ping_status":"closed","template":"","meta":[],"product_brand":[],"product_cat":[19,118,124],"product_tag":[137,135,62,136,90,138],"class_list":{"0":"post-831","1":"product","2":"type-product","3":"status-publish","4":"has-post-thumbnail","6":"product_cat-herramientas","7":"product_cat-joyero","8":"product_cat-pastas-para-pulir","9":"product_tag-abrillantar","10":"product_tag-blanca","11":"product_tag-blanco","12":"product_tag-brillo","13":"product_tag-pasta","14":"product_tag-pulir","15":"thunk-woo-product-list","16":"opn-qv-enable","17":"big-store-woo-hover-zoom","18":"open-single-product-tab-horizontal","19":"open-shadow-","20":"open-shadow-hover-","22":"first","23":"instock","24":"shipping-taxable","25":"product-type-simple"},"_links":{"self":[{"href":"https:\/\/joyimax.com\/en\/wp-json\/wp\/v2\/product\/831","targetHints":{"allow":["GET"]}}],"collection":[{"href":"https:\/\/joyimax.com\/en\/wp-json\/wp\/v2\/product"}],"about":[{"href":"https:\/\/joyimax.com\/en\/wp-json\/wp\/v2\/types\/product"}],"replies":[{"embeddable":true,"href":"https:\/\/joyimax.com\/en\/wp-json\/wp\/v2\/comments?post=831"}],"wp:featuredmedia":[{"embeddable":true,"href":"https:\/\/joyimax.com\/en\/wp-json\/wp\/v2\/media\/1281"}],"wp:attachment":[{"href":"https:\/\/joyimax.com\/en\/wp-json\/wp\/v2\/media?parent=831"}],"wp:term":[{"taxonomy":"product_brand","embeddable":true,"href":"https:\/\/joyimax.com\/en\/wp-json\/wp\/v2\/product_brand?post=831"},{"taxonomy":"product_cat","embeddable":true,"href":"https:\/\/joyimax.com\/en\/wp-json\/wp\/v2\/product_cat?post=831"},{"taxonomy":"product_tag","embeddable":true,"href":"https:\/\/joyimax.com\/en\/wp-json\/wp\/v2\/product_tag?post=831"}],"curies":[{"name":"wp","href":"https:\/\/api.w.org\/{rel}","templated":true}]}}