{"id":839,"date":"2022-03-27T00:07:56","date_gmt":"2022-03-27T05:07:56","guid":{"rendered":"https:\/\/joyimax.com\/?post_type=product&#038;p=839"},"modified":"2026-04-08T16:51:59","modified_gmt":"2026-04-08T21:51:59","slug":"cuello-platero-vinil-negro","status":"publish","type":"product","link":"https:\/\/joyimax.com\/en\/product\/cuello-platero-vinil-negro\/","title":{"rendered":"Cuello Platero Vinil Negro Ref: 19.02"},"content":{"rendered":"<p>Cuello Exhibidor de Joyer\u00eda collar vinil negro 8.5 x 8.5 x 25 cm<\/p>\n<p>El cuello exhibidor de joyer\u00eda collar vinil negro es perfecto para exhibir collares y cadenas de manera elegante y profesional. Con un tama\u00f1o de 8.5 x 8.5 x 25 cm, es adecuado para todo tipo de joyer\u00eda y se adapta a cualquier ambiente.<\/p>\n<p>Este exhibidor est\u00e1 fabricado con materiales de alta calidad y un revestimiento de vinil negro que le proporciona un acabado elegante y resistente. Adem\u00e1s, su dise\u00f1o permite que las joyas se destaquen y se vean mejor, lo que las hace ideales para exposiciones y exhibiciones en tiendas y ferias comerciales.<\/p>\n<p>Este cuello exhibidor de joyer\u00eda es f\u00e1cil de usar y transportar, por lo que es perfecto para vendedores de joyas, joyer\u00edas, y tiendas en l\u00ednea.<\/p>","protected":false},"excerpt":{"rendered":"<p>Este exhibidor est\u00e1 fabricado con materiales de alta calidad y un revestimiento de vinil negro que le proporciona un acabado elegante y resistente. Adem\u00e1s, su dise\u00f1o permite que las joyas se destaquen y se vean mejor, lo que las hace ideales para exposiciones y exhibiciones en tiendas y ferias comerciales.<\/p>","protected":false},"featured_media":1427,"comment_status":"open","ping_status":"closed","template":"","meta":[],"product_brand":[],"product_cat":[30],"product_tag":[96,84,97,61],"class_list":{"0":"post-839","1":"product","2":"type-product","3":"status-publish","4":"has-post-thumbnail","6":"product_cat-exhibidores","7":"product_tag-cuello","8":"product_tag-negro","9":"product_tag-platero","10":"product_tag-vinil","11":"thunk-woo-product-list","12":"opn-qv-enable","13":"big-store-woo-hover-zoom","14":"open-single-product-tab-horizontal","15":"open-shadow-","16":"open-shadow-hover-","18":"first","19":"instock","20":"sale","21":"shipping-taxable","22":"purchasable","23":"product-type-simple"},"_links":{"self":[{"href":"https:\/\/joyimax.com\/en\/wp-json\/wp\/v2\/product\/839","targetHints":{"allow":["GET"]}}],"collection":[{"href":"https:\/\/joyimax.com\/en\/wp-json\/wp\/v2\/product"}],"about":[{"href":"https:\/\/joyimax.com\/en\/wp-json\/wp\/v2\/types\/product"}],"replies":[{"embeddable":true,"href":"https:\/\/joyimax.com\/en\/wp-json\/wp\/v2\/comments?post=839"}],"wp:featuredmedia":[{"embeddable":true,"href":"https:\/\/joyimax.com\/en\/wp-json\/wp\/v2\/media\/1427"}],"wp:attachment":[{"href":"https:\/\/joyimax.com\/en\/wp-json\/wp\/v2\/media?parent=839"}],"wp:term":[{"taxonomy":"product_brand","embeddable":true,"href":"https:\/\/joyimax.com\/en\/wp-json\/wp\/v2\/product_brand?post=839"},{"taxonomy":"product_cat","embeddable":true,"href":"https:\/\/joyimax.com\/en\/wp-json\/wp\/v2\/product_cat?post=839"},{"taxonomy":"product_tag","embeddable":true,"href":"https:\/\/joyimax.com\/en\/wp-json\/wp\/v2\/product_tag?post=839"}],"curies":[{"name":"wp","href":"https:\/\/api.w.org\/{rel}","templated":true}]}}